{"id":26,"date":"2019-05-03T11:20:47","date_gmt":"2019-05-03T11:20:47","guid":{"rendered":"https:\/\/www.paulofreitascosta.pt\/?page_id=26"},"modified":"2025-10-06T15:13:43","modified_gmt":"2025-10-06T14:13:43","slug":"contacte-dr-paulo-freitas-da-costa","status":"publish","type":"page","link":"https:\/\/www.paulofreitascosta.pt\/pt\/contacte-dr-paulo-freitas-da-costa\/","title":{"rendered":"Contacto Dr. Paulo Freitas da Costa"},"content":{"rendered":"<p>[vc_row full_width=&#8221;stretch_row&#8221; bg_type=&#8221;image&#8221; parallax_style=&#8221;vcpb-default&#8221; bg_image_new=&#8221;id^663|url^https:\/\/www.paulofreitascosta.pt\/wp-content\/uploads\/2019\/07\/page-top_1280x170_v2.jpg|caption^null|alt^null|title^page-top_1280x170|description^null&#8221; ult_hide_row=&#8221;ult_hide_row_value&#8221; ult_hide_row_mobile=&#8221;mobile&#8221; ult_hide_row_mobile_large=&#8221;xl_mobile&#8221; css=&#8221;.vc_custom_1565299513361{margin-top: 0px !important;margin-bottom: 0px !important;padding-top: 0px !important;padding-bottom: 0px !important;}&#8221;][vc_column css=&#8221;.vc_custom_1560944553404{margin-top: 0px !important;margin-bottom: 0px !important;padding-top: 0px !important;padding-bottom: 0px !important;}&#8221; offset=&#8221;vc_hidden-sm vc_hidden-xs&#8221;]<div class=\"ult-spacer spacer-69e1548e8b97e\" data-id=\"69e1548e8b97e\" data-height=\"170\" data-height-mobile=\"0\" data-height-tab=\"170\" data-height-tab-portrait=\"170\" data-height-mobile-landscape=\"0\" style=\"clear:both;display:block;\"><\/div>[\/vc_column][\/vc_row][vc_row css=&#8221;.vc_custom_1561032077250{margin-top: 0px !important;padding-top: 0px !important;}&#8221;][vc_column]<div id=\"ultimate-heading-621969e1548e8ba01\" class=\"uvc-heading ult-adjust-bottom-margin ultimate-heading-621969e1548e8ba01 uvc-694 \" data-hspacer=\"no_spacer\"  data-halign=\"left\" style=\"text-align:left\"><div class=\"uvc-heading-spacer no_spacer\" style=\"top\"><\/div><div class=\"uvc-main-heading ult-responsive\"  data-ultimate-target='.uvc-heading.ultimate-heading-621969e1548e8ba01 h2'  data-responsive-json-new='{\"font-size\":\"desktop:20px;\",\"line-height\":\"\"}' ><h2 style=\"font-family:&#039;Roboto&#039;;font-weight:700;color:#00a19a;\">Contacto - preencha o formul\u00e1rio<\/h2><\/div><\/div>[vc_empty_space height=&#8221;10px&#8221;][\/vc_column][\/vc_row][vc_row css=&#8221;.vc_custom_1561053581775{margin-bottom: 0px !important;padding-bottom: 15px !important;}&#8221;][vc_column css=&#8221;.vc_custom_1557830591046{margin-top: 0px !important;margin-bottom: 0px !important;padding-top: 0px !important;padding-bottom: 0px !important;}&#8221;][vc_row_inner css=&#8221;.vc_custom_1557830603156{margin-top: 0px !important;margin-bottom: 0px !important;border-top-width: 0px !important;padding-top: 0px !important;padding-bottom: 0px !important;}&#8221;][vc_column_inner width=&#8221;1\/4&#8243;]<div id=\"ultimate-heading-711969e1548e8bb12\" class=\"uvc-heading ult-adjust-bottom-margin ultimate-heading-711969e1548e8bb12 uvc-349 \" data-hspacer=\"line_only\"  data-halign=\"left\" style=\"text-align:left\"><div class=\"uvc-heading-spacer line_only\" style=\"topheight:1px;\"><span class=\"uvc-headings-line\" style=\"border-style:solid;border-bottom-width:1px;border-color:#00a19a;width:15px;\"><\/span><\/div><div class=\"uvc-main-heading ult-responsive\"  data-ultimate-target='.uvc-heading.ultimate-heading-711969e1548e8bb12 h2'  data-responsive-json-new='{\"font-size\":\"desktop:20px;\",\"line-height\":\"\"}' ><h2 style=\"font-weight:bold;color:#00a19a;\">Contactos<\/h2><\/div><div class=\"uvc-sub-heading ult-responsive\"  data-ultimate-target='.uvc-heading.ultimate-heading-711969e1548e8bb12 .uvc-sub-heading '  data-responsive-json-new='{\"font-size\":\"desktop:15px;\",\"line-height\":\"\"}'  style=\"font-family:&#039;Roboto&#039;;font-weight:300;color:#3c3c3b;\"><strong>oftalmologia@paulofreitascosta.pt<\/strong><\/p>\n<p>&nbsp;<\/p>\n<p>Contacto directo com M\u00e9dico Especialista de Oftalmologia Dr. Paulo Freitas da Costa. O Especialista tem consult\u00f3rios na <a href=\"https:\/\/www.paulofreitascosta.pt\/pt\/consultorios\/\">UniClinica<\/a>, no Porto, e no <a href=\"https:\/\/www.paulofreitascosta.pt\/pt\/consultorios\/\">edif\u00edcio Cristal Center<\/a>, em Amarante.<\/div><\/div>[\/vc_column_inner][vc_column_inner width=&#8221;7\/12&#8243;]\n                <div class='gf_browser_gecko gform_wrapper' id='gform_wrapper_1' ><div id='gf_1' class='gform_anchor' tabindex='-1'><\/div><form method='post' enctype='multipart\/form-data' target='gform_ajax_frame_1' id='gform_1'  action='\/pt\/wp-json\/wp\/v2\/pages\/26#gf_1'>\n                        <div class='gform_body'><ul id='gform_fields_1' class='gform_fields top_label form_sublabel_below description_below'><li id='field_1_1'  class='gfield gf_left_half gfield_contains_required field_sublabel_hidden_label field_description_below hidden_label gfield_visibility_visible' ><label class='gfield_label gfield_label_before_complex'  >Name<span class='gfield_required'>*<\/span><\/label><div class='ginput_complex ginput_container no_prefix has_first_name no_middle_name no_last_name no_suffix gf_name_has_1 ginput_container_name' id='input_1_1'>\n                            \n                            <span id='input_1_1_3_container' class='name_first' >\n                                                    <input type='text' name='input_1.3' id='input_1_1_3' value='' aria-label='Primeiro nome'   aria-required=\"true\" aria-invalid=\"false\" placeholder='Nome'\/>\n                                                    <label for='input_1_1_3' class='hidden_sub_label screen-reader-text'>Primeiro<\/label>\n                                                <\/span>\n                            \n                            \n                            \n                        <\/div><\/li><li id='field_1_2'  class='gfield gf_right_half field_sublabel_below field_description_below hidden_label gfield_visibility_visible' ><label class='gfield_label' for='input_1_2' >Phone<\/label><div class='ginput_container ginput_container_phone'><input name='input_2' id='input_1_2' type='text' value='' class='large'  placeholder='Telefone'  aria-invalid=\"false\"  \/><\/div><\/li><li id='field_1_3'  class='gfield gfield_contains_required field_sublabel_below field_description_below hidden_label gfield_visibility_visible' ><label class='gfield_label' for='input_1_3' >Email<span class='gfield_required'>*<\/span><\/label><div class='ginput_container ginput_container_email'>\n                            <input name='input_3' id='input_1_3' type='text' value='' class='large'   placeholder='E-mail' aria-required=\"true\" aria-invalid=\"false\" \/>\n                        <\/div><\/li><li id='field_1_9'  class='gfield contact-form-dropdown gfield_contains_required field_sublabel_below field_description_below gfield_visibility_visible' ><label class='gfield_label' for='input_1_9' >Consult\u00f3rio preferencial<span class='gfield_required'>*<\/span><\/label><div class='ginput_container ginput_container_select'><select name='input_9' id='input_1_9' class='medium gfield_select'   aria-required=\"true\" aria-invalid=\"false\"><option value='' selected='selected' class='gf_placeholder'>Escolha op\u00e7\u00e3o mais conveniente<\/option><option value='UniClinica, Porto' >UniClinica, Porto<\/option><option value='Ed. Cristal Center, amarante' >Ed. Cristal Center, amarante<\/option><\/select><\/div><\/li><li id='field_1_4'  class='gfield field_sublabel_below field_description_below hidden_label gfield_visibility_visible' ><label class='gfield_label' for='input_1_4' >Assunto<\/label><div class='ginput_container ginput_container_text'><input name='input_4' id='input_1_4' type='text' value='' class='large'    placeholder='Assunto'  aria-invalid=\"false\" \/><\/div><\/li><li id='field_1_5'  class='gfield gfield_contains_required field_sublabel_below field_description_below hidden_label gfield_visibility_visible' ><label class='gfield_label' for='input_1_5' >Mensagem<span class='gfield_required'>*<\/span><\/label><div class='ginput_container ginput_container_textarea'><textarea name='input_5' id='input_1_5' class='textarea medium'    placeholder='Mensagem' aria-required=\"true\" aria-invalid=\"false\"   rows='10' cols='50'><\/textarea><\/div><\/li><li id='field_1_6'  class='gfield field_sublabel_below field_description_below hidden_label gfield_visibility_visible' ><label class='gfield_label' for='input_1_6' >CAPTCHA<\/label><div id='input_1_6' class='ginput_container ginput_recaptcha' data-sitekey='6LeQrLgUAAAAAGzpGAKxt-7gPYLpfBL5jTxbNiHG'  data-theme='light' data-tabindex='0'  data-badge=''><\/div><\/li><li id='field_1_10'  class='gfield gform_validation_container field_sublabel_below field_description_below gfield_visibility_visible' ><label class='gfield_label' for='input_1_10' >Phone<\/label><div class='ginput_container'><input name='input_10' id='input_1_10' type='text' value='' \/><\/div><div class='gfield_description' id='gfield_description__10'>Este campo \u00e9 para efeitos de valida\u00e7\u00e3o e deve ser mantido inalterado.<\/div><\/li>\n                            <\/ul><\/div>\n        <div class='gform_footer top_label'> <input type='submit' id='gform_submit_button_1' class='gform_button button' value='Enviar' tabindex='1' onclick='if(window[\"gf_submitting_1\"]){return false;}  window[\"gf_submitting_1\"]=true;  ' onkeypress='if( event.keyCode == 13 ){ if(window[\"gf_submitting_1\"]){return false;} window[\"gf_submitting_1\"]=true;  jQuery(\"#gform_1\").trigger(\"submit\",[true]); }' \/> <input type='hidden' name='gform_ajax' value='form_id=1&amp;title=&amp;description=&amp;tabindex=0' \/>\n            <input type='hidden' class='gform_hidden' name='is_submit_1' value='1' \/>\n            <input type='hidden' class='gform_hidden' name='gform_submit' value='1' \/>\n            \n            <input type='hidden' class='gform_hidden' name='gform_unique_id' value='' \/>\n            <input type='hidden' class='gform_hidden' name='state_1' value='WyJbXSIsImE5N2Q0YjFiMDFjMDE5MWRiMDYyMmM1NGI4Y2UzMTEwIl0=' \/>\n            <input type='hidden' class='gform_hidden' name='gform_target_page_number_1' id='gform_target_page_number_1' value='0' \/>\n            <input type='hidden' class='gform_hidden' name='gform_source_page_number_1' id='gform_source_page_number_1' value='1' \/>\n            <input type='hidden' name='gform_field_values' value='' \/>\n            \n        <\/div>\n                        <\/form>\n                        <\/div>\n                <iframe style='display:none;width:0px;height:0px;' src='about:blank' name='gform_ajax_frame_1' id='gform_ajax_frame_1'>Esta iframe cont\u00e9m a l\u00f3gica requerida para gerir Gravity Forms via AJAX.<\/iframe>\n                <script type='text\/javascript'>jQuery(document).ready(function($){gformInitSpinner( 1, 'https:\/\/www.paulofreitascosta.pt\/wp-content\/plugins\/gravityforms\/images\/spinner.gif' );jQuery('#gform_ajax_frame_1').on('load',function(){var contents = jQuery(this).contents().find('*').html();var is_postback = contents.indexOf('GF_AJAX_POSTBACK') >= 0;if(!is_postback){return;}var form_content = jQuery(this).contents().find('#gform_wrapper_1');var is_confirmation = jQuery(this).contents().find('#gform_confirmation_wrapper_1').length > 0;var is_redirect = contents.indexOf('gformRedirect(){') >= 0;var is_form = form_content.length > 0 && ! is_redirect && ! is_confirmation;var mt = parseInt(jQuery('html').css('margin-top'), 10) + parseInt(jQuery('body').css('margin-top'), 10) + 100;if(is_form){jQuery('#gform_wrapper_1').html(form_content.html());if(form_content.hasClass('gform_validation_error')){jQuery('#gform_wrapper_1').addClass('gform_validation_error');} else {jQuery('#gform_wrapper_1').removeClass('gform_validation_error');}setTimeout( function() { \/* delay the scroll by 50 milliseconds to fix a bug in chrome *\/ jQuery(document).scrollTop(jQuery('#gform_wrapper_1').offset().top - mt); }, 50 );if(window['gformInitDatepicker']) {gformInitDatepicker();}if(window['gformInitPriceFields']) {gformInitPriceFields();}var current_page = jQuery('#gform_source_page_number_1').val();gformInitSpinner( 1, 'https:\/\/www.paulofreitascosta.pt\/wp-content\/plugins\/gravityforms\/images\/spinner.gif' );jQuery(document).trigger('gform_page_loaded', [1, current_page]);window['gf_submitting_1'] = false;}else if(!is_redirect){var confirmation_content = jQuery(this).contents().find('.GF_AJAX_POSTBACK').html();if(!confirmation_content){confirmation_content = contents;}setTimeout(function(){jQuery('#gform_wrapper_1').replaceWith(confirmation_content);jQuery(document).scrollTop(jQuery('#gf_1').offset().top - mt);jQuery(document).trigger('gform_confirmation_loaded', [1]);window['gf_submitting_1'] = false;}, 50);}else{jQuery('#gform_1').append(contents);if(window['gformRedirect']) {gformRedirect();}}jQuery(document).trigger('gform_post_render', [1, current_page]);} );} );<\/script><script type='text\/javascript'> jQuery(document).bind('gform_post_render', function(event, formId, currentPage){if(formId == 1) {if(typeof Placeholders != 'undefined'){\n                        Placeholders.enable();\n                    }} } );jQuery(document).bind('gform_post_conditional_logic', function(event, formId, fields, isInit){} );<\/script><script type='text\/javascript'> jQuery(document).ready(function(){jQuery(document).trigger('gform_post_render', [1, 1]) } ); <\/script>[\/vc_column_inner][vc_column_inner width=&#8221;1\/6&#8243;][\/vc_column_inner][\/vc_row_inner]<div class=\"ult-spacer spacer-69e1548e9faf1\" data-id=\"69e1548e9faf1\" data-height=\"50\" data-height-mobile=\"0\" data-height-tab=\"30\" data-height-tab-portrait=\"30\" data-height-mobile-landscape=\"0\" style=\"clear:both;display:block;\"><\/div>[\/vc_column][\/vc_row]<\/p>\n","protected":false},"excerpt":{"rendered":"<p>[vc_row full_width=&#8221;stretch_row&#8221; bg_type=&#8221;image&#8221; parallax_style=&#8221;vcpb-default&#8221; bg_image_new=&#8221;id^663|url^https:\/\/www.paulofreitascosta.pt\/wp-content\/uploads\/2019\/07\/page-top_1280x170_v2.jpg|caption^null|alt^null|title^page-top_1280x170|description^null&#8221; ult_hide_row=&#8221;ult_hide_row_value&#8221; ult_hide_row_mobile=&#8221;mobile&#8221; ult_hide_row_mobile_large=&#8221;xl_mobile&#8221; css=&#8221;.vc_custom_1565299513361{margin-top: 0px !important;margin-bottom: 0px !important;padding-top: 0px !important;padding-bottom: 0px !important;}&#8221;][vc_column css=&#8221;.vc_custom_1560944553404{margin-top: 0px !important;margin-bottom: 0px !important;padding-top: 0px !important;padding-bottom: 0px !important;}&#8221; offset=&#8221;vc_hidden-sm vc_hidden-xs&#8221;][\/vc_column][\/vc_row][vc_row css=&#8221;.vc_custom_1561032077250{margin-top: 0px !important;padding-top: 0px !important;}&#8221;][vc_column][vc_empty_space height=&#8221;10px&#8221;][\/vc_column][\/vc_row][vc_row css=&#8221;.vc_custom_1561053581775{margin-bottom: 0px !important;padding-bottom: 15px !important;}&#8221;][vc_column css=&#8221;.vc_custom_1557830591046{margin-top: 0px !important;margin-bottom: 0px !important;padding-top: 0px !important;padding-bottom: 0px !important;}&#8221;][vc_row_inner css=&#8221;.vc_custom_1557830603156{margin-top: 0px !important;margin-bottom: 0px !important;border-top-width: 0px !important;padding-top:&hellip;<\/p>\n","protected":false},"author":1,"featured_media":0,"parent":0,"menu_order":0,"comment_status":"closed","ping_status":"closed","template":"","meta":[],"class_list":["post-26","page","type-page","status-publish","hentry","description-off"],"yoast_head":"<!-- This site is optimized with the Yoast SEO plugin v25.9 - https:\/\/yoast.com\/wordpress\/plugins\/seo\/ -->\n<title>Contacte Especialista em Oftalmologia Dr. Paulo Freitas da Costa<\/title>\n<meta name=\"description\" content=\"Contacte Dr. Paulo Freitas da Costa directamente, M\u00e9dico Especialista de Oftalmologia. Consult\u00f3rios no Porto e Amarante.\" \/>\n<meta name=\"robots\" content=\"index, follow, max-snippet:-1, max-image-preview:large, max-video-preview:-1\" \/>\n<link rel=\"canonical\" href=\"https:\/\/www.paulofreitascosta.pt\/pt\/contacte-dr-paulo-freitas-da-costa\/\" \/>\n<meta property=\"og:locale\" content=\"pt_PT\" \/>\n<meta property=\"og:locale:alternate\" content=\"en\" \/>\n<meta property=\"og:type\" content=\"article\" \/>\n<meta property=\"og:title\" content=\"Contacte Especialista em Oftalmologia Dr. Paulo Freitas da Costa\" \/>\n<meta property=\"og:description\" content=\"Contacte Dr. Paulo Freitas da Costa directamente, M\u00e9dico Especialista de Oftalmologia. Consult\u00f3rios no Porto e Amarante.\" \/>\n<meta property=\"og:url\" content=\"https:\/\/www.paulofreitascosta.pt\/pt\/contacte-dr-paulo-freitas-da-costa\/\" \/>\n<meta property=\"og:site_name\" content=\"Dr. Paulo Freitas da Costa - Especialista de Oftalmologia e Oftalmologia Pedi\u00e1trica\" \/>\n<meta property=\"article:modified_time\" content=\"2025-10-06T14:13:43+00:00\" \/>\n<meta property=\"og:image\" content=\"https:\/\/www.paulofreitascosta.pt\/wp-content\/uploads\/2024\/12\/unnamed-1_low.jpg\" \/>\n\t<meta property=\"og:image:width\" content=\"1800\" \/>\n\t<meta property=\"og:image:height\" content=\"1200\" \/>\n\t<meta property=\"og:image:type\" content=\"image\/jpeg\" \/>\n<meta name=\"twitter:card\" content=\"summary_large_image\" \/>\n<script type=\"application\/ld+json\" class=\"yoast-schema-graph\">{\"@context\":\"https:\/\/schema.org\",\"@graph\":[{\"@type\":\"WebPage\",\"@id\":\"https:\/\/www.paulofreitascosta.pt\/pt\/contacte-dr-paulo-freitas-da-costa\/\",\"url\":\"https:\/\/www.paulofreitascosta.pt\/pt\/contacte-dr-paulo-freitas-da-costa\/\",\"name\":\"Contacte Especialista em Oftalmologia Dr. Paulo Freitas da Costa\",\"isPartOf\":{\"@id\":\"https:\/\/www.paulofreitascosta.pt\/pt\/#website\"},\"datePublished\":\"2019-05-03T11:20:47+00:00\",\"dateModified\":\"2025-10-06T14:13:43+00:00\",\"description\":\"Contacte Dr. Paulo Freitas da Costa directamente, M\u00e9dico Especialista de Oftalmologia. Consult\u00f3rios no Porto e Amarante.\",\"breadcrumb\":{\"@id\":\"https:\/\/www.paulofreitascosta.pt\/pt\/contacte-dr-paulo-freitas-da-costa\/#breadcrumb\"},\"inLanguage\":\"pt-PT\",\"potentialAction\":[{\"@type\":\"ReadAction\",\"target\":[\"https:\/\/www.paulofreitascosta.pt\/pt\/contacte-dr-paulo-freitas-da-costa\/\"]}]},{\"@type\":\"BreadcrumbList\",\"@id\":\"https:\/\/www.paulofreitascosta.pt\/pt\/contacte-dr-paulo-freitas-da-costa\/#breadcrumb\",\"itemListElement\":[{\"@type\":\"ListItem\",\"position\":1,\"name\":\"Home\",\"item\":\"https:\/\/www.paulofreitascosta.pt\/pt\/\"},{\"@type\":\"ListItem\",\"position\":2,\"name\":\"Contacto Dr. Paulo Freitas da Costa\"}]},{\"@type\":\"WebSite\",\"@id\":\"https:\/\/www.paulofreitascosta.pt\/pt\/#website\",\"url\":\"https:\/\/www.paulofreitascosta.pt\/pt\/\",\"name\":\"Dr. Paulo Freitas da Costa - Especialista de Oftalmologia e Oftalmologia Pedi\u00e1trica\",\"description\":\"Especialista de Oftalmologia e Oftalmologia Pedi\u00e1trica\",\"publisher\":{\"@id\":\"https:\/\/www.paulofreitascosta.pt\/pt\/#organization\"},\"alternateName\":\"M\u00e9dico Oftalmologista do Porto\",\"potentialAction\":[{\"@type\":\"SearchAction\",\"target\":{\"@type\":\"EntryPoint\",\"urlTemplate\":\"https:\/\/www.paulofreitascosta.pt\/pt\/?s={search_term_string}\"},\"query-input\":{\"@type\":\"PropertyValueSpecification\",\"valueRequired\":true,\"valueName\":\"search_term_string\"}}],\"inLanguage\":\"pt-PT\"},{\"@type\":\"Organization\",\"@id\":\"https:\/\/www.paulofreitascosta.pt\/pt\/#organization\",\"name\":\"Dr. Paulo Freitas da Costa\",\"url\":\"https:\/\/www.paulofreitascosta.pt\/pt\/\",\"logo\":{\"@type\":\"ImageObject\",\"inLanguage\":\"pt-PT\",\"@id\":\"https:\/\/www.paulofreitascosta.pt\/pt\/#\/schema\/logo\/image\/\",\"url\":\"https:\/\/www.paulofreitascosta.pt\/wp-content\/uploads\/2019\/06\/logo@2x.png\",\"contentUrl\":\"https:\/\/www.paulofreitascosta.pt\/wp-content\/uploads\/2019\/06\/logo@2x.png\",\"width\":664,\"height\":112,\"caption\":\"Dr. Paulo Freitas da Costa\"},\"image\":{\"@id\":\"https:\/\/www.paulofreitascosta.pt\/pt\/#\/schema\/logo\/image\/\"},\"sameAs\":[\"https:\/\/www.linkedin.com\/in\/paulo-freitas-da-costa-9b3bba38?lipi=urn:li:page:d_flagship3_profile_view_base_contact_details;WRsznGiSQByVqznWT4y3nA==\",\"https:\/\/www.instagram.com\/drpaulofreitasdacosta\/\"]}]}<\/script>\n<!-- \/ Yoast SEO plugin. -->","yoast_head_json":{"title":"Contacte Especialista em Oftalmologia Dr. Paulo Freitas da Costa","description":"Contacte Dr. Paulo Freitas da Costa directamente, M\u00e9dico Especialista de Oftalmologia. Consult\u00f3rios no Porto e Amarante.","robots":{"index":"index","follow":"follow","max-snippet":"max-snippet:-1","max-image-preview":"max-image-preview:large","max-video-preview":"max-video-preview:-1"},"canonical":"https:\/\/www.paulofreitascosta.pt\/pt\/contacte-dr-paulo-freitas-da-costa\/","og_locale":"pt_PT","og_type":"article","og_title":"[:pt]Contacte Especialista em Oftalmologia Dr. Paulo Freitas da Costa[:en]Ophtalmology Specialist Dr. Paulo Freitas da Costa contact[:]","og_description":"[:pt]Contacte Dr. Paulo Freitas da Costa directamente, M\u00e9dico Especialista de Oftalmologia. Consult\u00f3rios no Porto e Amarante.[:en]Ophtalmology Pediatric Specialist Dr. Paulo Freitas da Costa contact. Find Doctor offices in Porto and Amarante.[:]","og_url":"https:\/\/www.paulofreitascosta.pt\/pt\/contacte-dr-paulo-freitas-da-costa\/","og_site_name":"Dr. Paulo Freitas da Costa - Especialista de Oftalmologia e Oftalmologia Pedi\u00e1trica","article_modified_time":"2025-10-06T14:13:43+00:00","og_image":[{"width":1800,"height":1200,"url":"https:\/\/www.paulofreitascosta.pt\/wp-content\/uploads\/2024\/12\/unnamed-1_low.jpg","type":"image\/jpeg"}],"twitter_card":"summary_large_image","schema":{"@context":"https:\/\/schema.org","@graph":[{"@type":"WebPage","@id":"https:\/\/www.paulofreitascosta.pt\/pt\/contacte-dr-paulo-freitas-da-costa\/","url":"https:\/\/www.paulofreitascosta.pt\/pt\/contacte-dr-paulo-freitas-da-costa\/","name":"Contacte Especialista em Oftalmologia Dr. Paulo Freitas da Costa","isPartOf":{"@id":"https:\/\/www.paulofreitascosta.pt\/pt\/#website"},"datePublished":"2019-05-03T11:20:47+00:00","dateModified":"2025-10-06T14:13:43+00:00","description":"Contacte Dr. Paulo Freitas da Costa directamente, M\u00e9dico Especialista de Oftalmologia. Consult\u00f3rios no Porto e Amarante.","breadcrumb":{"@id":"https:\/\/www.paulofreitascosta.pt\/pt\/contacte-dr-paulo-freitas-da-costa\/#breadcrumb"},"inLanguage":"pt-PT","potentialAction":[{"@type":"ReadAction","target":["https:\/\/www.paulofreitascosta.pt\/pt\/contacte-dr-paulo-freitas-da-costa\/"]}]},{"@type":"BreadcrumbList","@id":"https:\/\/www.paulofreitascosta.pt\/pt\/contacte-dr-paulo-freitas-da-costa\/#breadcrumb","itemListElement":[{"@type":"ListItem","position":1,"name":"Home","item":"https:\/\/www.paulofreitascosta.pt\/pt\/"},{"@type":"ListItem","position":2,"name":"Contacto Dr. Paulo Freitas da Costa"}]},{"@type":"WebSite","@id":"https:\/\/www.paulofreitascosta.pt\/pt\/#website","url":"https:\/\/www.paulofreitascosta.pt\/pt\/","name":"Dr. Paulo Freitas da Costa - Especialista de Oftalmologia e Oftalmologia Pedi\u00e1trica","description":"Especialista de Oftalmologia e Oftalmologia Pedi\u00e1trica","publisher":{"@id":"https:\/\/www.paulofreitascosta.pt\/pt\/#organization"},"alternateName":"M\u00e9dico Oftalmologista do Porto","potentialAction":[{"@type":"SearchAction","target":{"@type":"EntryPoint","urlTemplate":"https:\/\/www.paulofreitascosta.pt\/pt\/?s={search_term_string}"},"query-input":{"@type":"PropertyValueSpecification","valueRequired":true,"valueName":"search_term_string"}}],"inLanguage":"pt-PT"},{"@type":"Organization","@id":"https:\/\/www.paulofreitascosta.pt\/pt\/#organization","name":"Dr. Paulo Freitas da Costa","url":"https:\/\/www.paulofreitascosta.pt\/pt\/","logo":{"@type":"ImageObject","inLanguage":"pt-PT","@id":"https:\/\/www.paulofreitascosta.pt\/pt\/#\/schema\/logo\/image\/","url":"https:\/\/www.paulofreitascosta.pt\/wp-content\/uploads\/2019\/06\/logo@2x.png","contentUrl":"https:\/\/www.paulofreitascosta.pt\/wp-content\/uploads\/2019\/06\/logo@2x.png","width":664,"height":112,"caption":"Dr. Paulo Freitas da Costa"},"image":{"@id":"https:\/\/www.paulofreitascosta.pt\/pt\/#\/schema\/logo\/image\/"},"sameAs":["https:\/\/www.linkedin.com\/in\/paulo-freitas-da-costa-9b3bba38?lipi=urn:li:page:d_flagship3_profile_view_base_contact_details;WRsznGiSQByVqznWT4y3nA==","https:\/\/www.instagram.com\/drpaulofreitasdacosta\/"]}]}},"_links":{"self":[{"href":"https:\/\/www.paulofreitascosta.pt\/pt\/wp-json\/wp\/v2\/pages\/26","targetHints":{"allow":["GET"]}}],"collection":[{"href":"https:\/\/www.paulofreitascosta.pt\/pt\/wp-json\/wp\/v2\/pages"}],"about":[{"href":"https:\/\/www.paulofreitascosta.pt\/pt\/wp-json\/wp\/v2\/types\/page"}],"author":[{"embeddable":true,"href":"https:\/\/www.paulofreitascosta.pt\/pt\/wp-json\/wp\/v2\/users\/1"}],"replies":[{"embeddable":true,"href":"https:\/\/www.paulofreitascosta.pt\/pt\/wp-json\/wp\/v2\/comments?post=26"}],"version-history":[{"count":29,"href":"https:\/\/www.paulofreitascosta.pt\/pt\/wp-json\/wp\/v2\/pages\/26\/revisions"}],"predecessor-version":[{"id":1611,"href":"https:\/\/www.paulofreitascosta.pt\/pt\/wp-json\/wp\/v2\/pages\/26\/revisions\/1611"}],"wp:attachment":[{"href":"https:\/\/www.paulofreitascosta.pt\/pt\/wp-json\/wp\/v2\/media?parent=26"}],"curies":[{"name":"wp","href":"https:\/\/api.w.org\/{rel}","templated":true}]}}